{"id":1216,"date":"2021-04-09T14:16:39","date_gmt":"2021-04-09T11:16:39","guid":{"rendered":"http:\/\/birou.md\/?post_type=product&#038;p=1216"},"modified":"2024-11-19T19:32:54","modified_gmt":"2024-11-19T16:32:54","slug":"%d1%8d%d0%ba%d1%80%d0%b0%d0%bd-%d0%b4%d0%bb%d1%8f-%d0%bf%d1%80%d0%be%d0%b5%d0%ba%d1%82%d0%be%d1%80%d0%b0-60-x-60-%d0%bc%d0%b5%d1%85%d0%b0%d0%bd%d0%b8%d1%87%d0%b5%d1%81%d0%ba%d0%b8%d0%b9-%d0%bd","status":"publish","type":"product","link":"http:\/\/birou.md\/ro\/produs\/%d1%8d%d0%ba%d1%80%d0%b0%d0%bd-%d0%b4%d0%bb%d1%8f-%d0%bf%d1%80%d0%be%d0%b5%d0%ba%d1%82%d0%be%d1%80%d0%b0-60-x-60-%d0%bc%d0%b5%d1%85%d0%b0%d0%bd%d0%b8%d1%87%d0%b5%d1%81%d0%ba%d0%b8%d0%b9-%d0%bd\/","title":{"rendered":"\u042d\u043a\u0440\u0430\u043d \u0434\u043b\u044f \u043f\u0440\u043e\u0435\u043a\u0442\u043e\u0440\u0430 72&#8243; 4:3 \u043d\u0430 \u043f\u043e\u0434\u0441\u0442\u0430\u0432\u043a\u0435 Tripod"},"content":{"rendered":"<p>\u042d\u043a\u0440\u0430\u043d \u0434\u043b\u044f \u043f\u0440\u043e\u0435\u043a\u0442\u043e\u0440\u0430 \u043c\u043e\u0431\u0438\u043b\u044c\u043d\u044b\u0439 \u043d\u0430 \u0442\u0440\u0435\u043d\u043e\u0433\u0435 \u043e\u0442\u043b\u0438\u0447\u043d\u043e\u0435 \u0440\u0435\u0448\u0435\u043d\u0438\u0435 \u0434\u043b\u044f \u0440\u0430\u0437\u043b\u0438\u0447\u043d\u044b\u0445 \u0437\u0430\u0434\u0430\u0447. \u0418\u0441\u043f\u043e\u043b\u044c\u0437\u0443\u0435\u0442\u0441\u044f \u0432 \u0443\u0447\u0435\u0431\u043d\u044b\u0445 \u0437\u0430\u0432\u0435\u0434\u0435\u043d\u0438\u044f\u0445, \u043e\u0444\u0438\u0441\u0430\u0445, \u043a\u043e\u043d\u0444\u0435\u0440\u0435\u043d\u0446 \u0437\u0430\u043b\u0430\u0445, \u0434\u0440\u0443\u0436\u0435\u0441\u043a\u0438\u0445 \u0432\u0435\u0447\u0435\u0440\u0438\u043d\u043a\u0430\u0445. Ecranul proiectorului mobil de pe un trepied este o solu\u021bie excelent\u0103 pentru diverse sarcini. Se folose\u0219te \u00een institu\u021bii de \u00eenv\u0103\u021b\u0103m\u00e2nt, birouri, s\u0103li de conferin\u021be \u0219i petreceri prietenoase.<\/p>","protected":false},"excerpt":{"rendered":"<p>\u042d\u043a\u0440\u0430\u043d \u0434\u043b\u044f \u043f\u0440\u043e\u0435\u043a\u0442\u043e\u0440\u0430 \u043c\u0435\u0445\u0430\u043d\u0438\u0447\u0435\u0441\u043a\u0438\u0439 \u043d\u0430 \u043f\u043e\u0434\u0441\u0442\u0430\u0432\u043a\u0435.<\/p>\n<p>\u0420\u0430\u0437\u043c\u0435\u0440,\u00a0 (145cm x 110cm) \u0441\u043e\u043e\u0442\u043d\u043e\u0448\u0435\u043d\u0438\u0435 \u0441\u0442\u043e\u0440\u043e\u043d 4:3<\/p>\n<p>\u041f\u043e\u043b\u043e\u0442\u043d\u043e \u0431\u0435\u043b\u043e\u0435 \u043c\u0430\u0442\u043e\u0432\u043e\u0435<\/p>","protected":false},"featured_media":1215,"template":"","meta":[],"product_cat":[25],"product_tag":[],"yoast_head":"<!-- This site is optimized with the Yoast SEO plugin v15.4 - https:\/\/yoast.com\/wordpress\/plugins\/seo\/ -->\n<title>\u042d\u043a\u0440\u0430\u043d \u0434\u043b\u044f \u043f\u0440\u043e\u0435\u043a\u0442\u043e\u0440\u0430 72&quot; 4:3 \u043d\u0430 \u043f\u043e\u0434\u0441\u0442\u0430\u0432\u043a\u0435 Tripod - Birou.md<\/title>\n<meta name=\"robots\" content=\"index, follow, max-snippet:-1, max-image-preview:large, max-video-preview:-1\" \/>\n<link rel=\"canonical\" href=\"http:\/\/birou.md\/ro\/produs\/\u044d\u043a\u0440\u0430\u043d-\u0434\u043b\u044f-\u043f\u0440\u043e\u0435\u043a\u0442\u043e\u0440\u0430-60-x-60-\u043c\u0435\u0445\u0430\u043d\u0438\u0447\u0435\u0441\u043a\u0438\u0439-\u043d\/\" \/>\n<meta property=\"og:locale\" content=\"ro_RO\" \/>\n<meta property=\"og:type\" content=\"article\" \/>\n<meta property=\"og:title\" content=\"\u042d\u043a\u0440\u0430\u043d \u0434\u043b\u044f \u043f\u0440\u043e\u0435\u043a\u0442\u043e\u0440\u0430 72&quot; 4:3 \u043d\u0430 \u043f\u043e\u0434\u0441\u0442\u0430\u0432\u043a\u0435 Tripod - Birou.md\" \/>\n<meta property=\"og:description\" content=\"\u042d\u043a\u0440\u0430\u043d \u0434\u043b\u044f \u043f\u0440\u043e\u0435\u043a\u0442\u043e\u0440\u0430 \u043c\u0435\u0445\u0430\u043d\u0438\u0447\u0435\u0441\u043a\u0438\u0439 \u043d\u0430 \u043f\u043e\u0434\u0441\u0442\u0430\u0432\u043a\u0435.  \u0420\u0430\u0437\u043c\u0435\u0440,\u00a0 (145cm x 110cm) \u0441\u043e\u043e\u0442\u043d\u043e\u0448\u0435\u043d\u0438\u0435 \u0441\u0442\u043e\u0440\u043e\u043d 4:3  \u041f\u043e\u043b\u043e\u0442\u043d\u043e \u0431\u0435\u043b\u043e\u0435 \u043c\u0430\u0442\u043e\u0432\u043e\u0435\" \/>\n<meta property=\"og:url\" content=\"http:\/\/birou.md\/ro\/produs\/\u044d\u043a\u0440\u0430\u043d-\u0434\u043b\u044f-\u043f\u0440\u043e\u0435\u043a\u0442\u043e\u0440\u0430-60-x-60-\u043c\u0435\u0445\u0430\u043d\u0438\u0447\u0435\u0441\u043a\u0438\u0439-\u043d\/\" \/>\n<meta property=\"og:site_name\" content=\"Birou.md\" \/>\n<meta property=\"article:modified_time\" content=\"2024-11-19T16:32:54+00:00\" \/>\n<meta property=\"og:image\" content=\"http:\/\/birou.md\/wp-content\/uploads\/2021\/04\/25.jpg\" \/>\n\t<meta property=\"og:image:width\" content=\"1000\" \/>\n\t<meta property=\"og:image:height\" content=\"1000\" \/>\n<meta name=\"twitter:card\" content=\"summary_large_image\" \/>\n<meta name=\"twitter:label1\" content=\"Scris de\">\n\t<meta name=\"twitter:data1\" content=\"Oleg\">\n\t<meta name=\"twitter:label2\" content=\"Timp estimat pentru citire\">\n\t<meta name=\"twitter:data2\" content=\"0 minute\">\n<script type=\"application\/ld+json\" class=\"yoast-schema-graph\">{\"@context\":\"https:\/\/schema.org\",\"@graph\":[{\"@type\":\"WebSite\",\"@id\":\"http:\/\/birou.md\/ro\/#website\",\"url\":\"http:\/\/birou.md\/ro\/\",\"name\":\"Birou.md\",\"description\":\"\\u0418\\u043d\\u0442\\u0435\\u0440\\u0430\\u043a\\u0442\\u0438\\u0432\\u043d\\u044b\\u0435 \\u0434\\u043e\\u0441\\u043a\\u0438\",\"potentialAction\":[{\"@type\":\"SearchAction\",\"target\":\"http:\/\/birou.md\/ro\/?s={search_term_string}\",\"query-input\":\"required name=search_term_string\"}],\"inLanguage\":\"ro-RO\"},{\"@type\":\"ImageObject\",\"@id\":\"http:\/\/birou.md\/product\/%d1%8d%d0%ba%d1%80%d0%b0%d0%bd-%d0%b4%d0%bb%d1%8f-%d0%bf%d1%80%d0%be%d0%b5%d0%ba%d1%82%d0%be%d1%80%d0%b0-60-x-60-%d0%bc%d0%b5%d1%85%d0%b0%d0%bd%d0%b8%d1%87%d0%b5%d1%81%d0%ba%d0%b8%d0%b9-%d0%bd\/#primaryimage\",\"inLanguage\":\"ro-RO\",\"url\":\"http:\/\/birou.md\/wp-content\/uploads\/2021\/04\/25.jpg\",\"width\":1000,\"height\":1000},{\"@type\":\"WebPage\",\"@id\":\"http:\/\/birou.md\/product\/%d1%8d%d0%ba%d1%80%d0%b0%d0%bd-%d0%b4%d0%bb%d1%8f-%d0%bf%d1%80%d0%be%d0%b5%d0%ba%d1%82%d0%be%d1%80%d0%b0-60-x-60-%d0%bc%d0%b5%d1%85%d0%b0%d0%bd%d0%b8%d1%87%d0%b5%d1%81%d0%ba%d0%b8%d0%b9-%d0%bd\/#webpage\",\"url\":\"http:\/\/birou.md\/product\/%d1%8d%d0%ba%d1%80%d0%b0%d0%bd-%d0%b4%d0%bb%d1%8f-%d0%bf%d1%80%d0%be%d0%b5%d0%ba%d1%82%d0%be%d1%80%d0%b0-60-x-60-%d0%bc%d0%b5%d1%85%d0%b0%d0%bd%d0%b8%d1%87%d0%b5%d1%81%d0%ba%d0%b8%d0%b9-%d0%bd\/\",\"name\":\"\\u042d\\u043a\\u0440\\u0430\\u043d \\u0434\\u043b\\u044f \\u043f\\u0440\\u043e\\u0435\\u043a\\u0442\\u043e\\u0440\\u0430 72\\\" 4:3 \\u043d\\u0430 \\u043f\\u043e\\u0434\\u0441\\u0442\\u0430\\u0432\\u043a\\u0435 Tripod - Birou.md\",\"isPartOf\":{\"@id\":\"http:\/\/birou.md\/ro\/#website\"},\"primaryImageOfPage\":{\"@id\":\"http:\/\/birou.md\/product\/%d1%8d%d0%ba%d1%80%d0%b0%d0%bd-%d0%b4%d0%bb%d1%8f-%d0%bf%d1%80%d0%be%d0%b5%d0%ba%d1%82%d0%be%d1%80%d0%b0-60-x-60-%d0%bc%d0%b5%d1%85%d0%b0%d0%bd%d0%b8%d1%87%d0%b5%d1%81%d0%ba%d0%b8%d0%b9-%d0%bd\/#primaryimage\"},\"datePublished\":\"2021-04-09T11:16:39+00:00\",\"dateModified\":\"2024-11-19T16:32:54+00:00\",\"inLanguage\":\"ro-RO\",\"potentialAction\":[{\"@type\":\"ReadAction\",\"target\":[\"http:\/\/birou.md\/product\/%d1%8d%d0%ba%d1%80%d0%b0%d0%bd-%d0%b4%d0%bb%d1%8f-%d0%bf%d1%80%d0%be%d0%b5%d0%ba%d1%82%d0%be%d1%80%d0%b0-60-x-60-%d0%bc%d0%b5%d1%85%d0%b0%d0%bd%d0%b8%d1%87%d0%b5%d1%81%d0%ba%d0%b8%d0%b9-%d0%bd\/\"]}]}]}<\/script>\n<!-- \/ Yoast SEO plugin. -->","_links":{"self":[{"href":"http:\/\/birou.md\/ro\/wp-json\/wp\/v2\/product\/1216"}],"collection":[{"href":"http:\/\/birou.md\/ro\/wp-json\/wp\/v2\/product"}],"about":[{"href":"http:\/\/birou.md\/ro\/wp-json\/wp\/v2\/types\/product"}],"wp:featuredmedia":[{"embeddable":true,"href":"http:\/\/birou.md\/ro\/wp-json\/wp\/v2\/media\/1215"}],"wp:attachment":[{"href":"http:\/\/birou.md\/ro\/wp-json\/wp\/v2\/media?parent=1216"}],"wp:term":[{"taxonomy":"product_cat","embeddable":true,"href":"http:\/\/birou.md\/ro\/wp-json\/wp\/v2\/product_cat?post=1216"},{"taxonomy":"product_tag","embeddable":true,"href":"http:\/\/birou.md\/ro\/wp-json\/wp\/v2\/product_tag?post=1216"}],"curies":[{"name":"wp","href":"https:\/\/api.w.org\/{rel}","templated":true}]}}