{"id":1188,"date":"2021-03-11T13:15:56","date_gmt":"2021-03-11T10:15:56","guid":{"rendered":"http:\/\/birou.md\/?post_type=product&#038;p=1188"},"modified":"2021-06-16T12:56:17","modified_gmt":"2021-06-16T09:56:17","slug":"led-projector-asio-ay-4012-vertical","status":"publish","type":"product","link":"https:\/\/birou.md\/ro\/produs\/led-projector-asio-ay-4012-vertical\/","title":{"rendered":"LED Projector ASIO AY-4012 Android"},"content":{"rendered":"<p>Vertical format Proiectorul este utilizat pe scar\u0103 larg\u0103. Se utilizeaz\u0103 o lamp\u0103 LED cu o durat\u0103 lung\u0103 de via\u021b\u0103 de p\u00e2n\u0103 la 50.000 de ore. Func\u021bionalitatea larg\u0103 \u0219i rezolu\u021bia 1,280*720, support 1080P v\u0103 vor oferi pl\u0103cerea de a utiliza acest produs!<\/p>\n<p>\u041f\u0440\u043e\u0435\u043a\u0442\u043e\u0440 \u0448\u0438\u0440\u043e\u043a\u043e\u0433\u043e \u043f\u0440\u0438\u043c\u0435\u043d\u0435\u043d\u0438\u044f. \u0418\u0441\u043f\u043e\u043b\u044c\u0437\u0443\u0435\u0442\u0441\u044f LED \u043b\u0430\u043c\u043f\u0430 \u0441 \u0434\u043b\u0438\u0442\u0435\u043b\u044c\u043d\u044b\u043c \u0441\u0440\u043e\u043a\u043e\u043c \u0441\u043b\u0443\u0436\u0431\u044b \u0434\u043e 50000 \u0447\u0430\u0441\u043e\u0432. \u0428\u0438\u0440\u043e\u043a\u0438\u0435 \u0444\u0443\u043d\u043a\u0446\u0438\u043e\u043d\u0430\u043b\u044c\u043d\u044b\u0435 \u0441\u043f\u043e\u0441\u043e\u0431\u043d\u043e\u0441\u0442\u0438 \u0438 \u0440\u0430\u0437\u0440\u0435\u0448\u0435\u043d\u0438\u0435 1,280*720, support 1080P \u043f\u043e\u0434\u0430\u0440\u0438\u0442\u00a0 \u0443\u0434\u043e\u0432\u043e\u043b\u044c\u0441\u0442\u0432\u0438\u0435 \u043e\u0442 \u0438\u0441\u043f\u043e\u043b\u044c\u0437\u043e\u0432\u0430\u043d\u0438\u044f \u0434\u0430\u043d\u043d\u043e\u0433\u043e \u043f\u0440\u043e\u0434\u0443\u043a\u0442\u0430!<\/p>","protected":false},"excerpt":{"rendered":"<table style=\"height: 1030px;\" width=\"1017\">\n<tbody>\n<tr>\n<td colspan=\"2\" width=\"477\">Descriere\/\u041e\u043f\u0438\u0441\u0430\u043d\u0438\u0435<\/td>\n<\/tr>\n<tr>\n<td width=\"253\">Display Technology\/\u0422\u0435\u0445\u043d\u043e\u043b\u043e\u0433\u0438\u044f \u043e\u0442\u043e\u0431\u0440\u0430\u0436\u0435\u043d\u0438\u044f\/Tehnologie De Afi\u0219are<\/td>\n<td width=\"224\">Single LCD<\/td>\n<\/tr>\n<tr>\n<td width=\"253\">Projector System\/\u041f\u0440\u043e\u0435\u043a\u0442\u043e\u0440\u043d\u0430\u044f \u0421\u0438\u0441\u0442\u0435\u043c\u0430\/Sistem Proiector<\/td>\n<td width=\"224\">4 inch LCD TFT display<\/td>\n<\/tr>\n<tr>\n<td width=\"253\">Native Resolution\/\u0420\u0430\u0437\u0440\u0435\u0448\u0435\u043d\u0438\u0435\/Rezolu\u021bie Nativ\u0103<\/td>\n<td width=\"224\">1,280*800, support 1080P<\/td>\n<\/tr>\n<tr>\n<td width=\"253\">Brightness\/\u042f\u0440\u043a\u043e\u0441\u0442\u044c\/Luminozitate<\/td>\n<td width=\"224\">4200 Lumens<\/td>\n<\/tr>\n<tr>\n<td width=\"253\">Contrast Ratio\/\u041a\u043e\u044d\u0444\u0444\u0438\u0446\u0438\u0435\u043d\u0442 \u043a\u043e\u043d\u0442\u0440\u0430\u0441\u0442\u043d\u043e\u0441\u0442\u0438\/Raport De Contrast<\/td>\n<td width=\"224\">2,500:1<\/td>\n<\/tr>\n<tr>\n<td width=\"253\">Image Flip\/\u041f\u0435\u0440\u0435\u0432\u043e\u0440\u043e\u0442 \u0438\u0437\u043e\u0431\u0440\u0430\u0436\u0435\u043d\u0438\u044f\/Imagine Flip<\/td>\n<td width=\"224\">360 degree flip<\/td>\n<\/tr>\n<tr>\n<td width=\"253\">Lens\/\u041e\u0431\u044a\u0435\u043a\u0442\u0438\u0432\/Obiectiv<\/td>\n<td width=\"224\">3 pieces of glass lenses,<br \/>\nmanual focus<\/td>\n<\/tr>\n<tr>\n<td width=\"253\">Aspect Ratio\/C\u043e\u043e\u0442\u043d\u043e\u0448\u0435\u043d\u0438\u0435 \u0441\u0442\u043e\u0440\u043e\u043d\/Raport De Aspect<\/td>\n<td width=\"224\">16:9 &amp; 4:3<\/td>\n<\/tr>\n<tr>\n<td width=\"253\">Language\/\u042f\u0437\u044b\u043a\/Limba<\/td>\n<td width=\"224\">23 languages<\/td>\n<\/tr>\n<tr>\n<td width=\"253\">Lamps Type\/\u0422\u0438\u043f \u043b\u0430\u043c\u043f\u044b\/Tipul L\u0103mpilor<\/td>\n<td width=\"224\">LED 75W, 50,000 hours life<\/td>\n<\/tr>\n<tr>\n<td width=\"253\">Picture Size\/\u0420\u0430\u0437\u043c\u0435\u0440 \u0438\u0437\u043e\u0431\u0440\u0430\u0436\u0435\u043d\u0438\u044f\/Dimensiunea Imaginii<\/td>\n<td width=\"224\">35-200 inch<\/td>\n<\/tr>\n<tr>\n<td width=\"253\">Keystone\/\u0422\u0440\u0430\u043f\u0435\u0446\u0438\u044f\/Cheia de bolt\u0103<\/td>\n<td width=\"224\">\u00a0Automatic keystone correction<\/td>\n<\/tr>\n<tr>\n<td width=\"253\">Working Voltage\/\u0420\u0430\u0431\u043e\u0447\u0435\u0435 \u043d\u0430\u043f\u0440\u044f\u0436\u0435\u043d\u0438\u0435\/Tensiune De Lucru<\/td>\n<td width=\"224\">AC100-240V \/ 50-60Hz<\/td>\n<\/tr>\n<tr>\n<td width=\"253\">Interface Input\/\u041f\u043e\u0440\u0442\u044b \u043f\u043e\u0434\u043a\u043b\u044e\u0447\u0435\u043d\u0438\u044f\/Intrare Interfa\u021b\u0103<\/td>\n<td width=\"224\">HDMI \/ USBx2 \/ AV \/ AUDIO OUT<\/td>\n<\/tr>\n<tr>\n<td width=\"253\">Optional Function\/\u0414\u043e\u043f\u043e\u043b\u043d\u0438\u0442\u0435\u043b\u044c\u043d\u044b\u0435 \u0444\u0443\u043d\u043a\u0446\u0438\u0438\/Func\u021bie Op\u021bional\u0103<\/td>\n<td width=\"224\">Mirroring \/ Android WIFI<\/td>\n<\/tr>\n<tr>\n<td width=\"253\">Machine Size\/\u0413\u0430\u0431\u0430\u0440\u0438\u0442\u044b\/Dimensiunea<\/td>\n<td width=\"224\">24.4*13.1*17.1cm<\/td>\n<\/tr>\n<tr>\n<td width=\"253\">N.W.\/G.W. Per pc\/\u0412\u0435\u0441 \u041d\/\u0411\/Greutate<\/td>\n<td width=\"224\">1.65KG \/ 2KG<\/td>\n<\/tr>\n<tr>\n<td width=\"253\">Warranty\/\u0413\u0430\u0440\u0430\u043d\u0442\u0438\u044f\/Garan\u021bie<\/td>\n<td width=\"224\">24<\/td>\n<\/tr>\n<\/tbody>\n<\/table>","protected":false},"featured_media":1189,"template":"","meta":[],"product_cat":[24],"product_tag":[],"yoast_head":"<!-- This site is optimized with the Yoast SEO plugin v15.4 - https:\/\/yoast.com\/wordpress\/plugins\/seo\/ -->\n<title>LED Projector ASIO AY-4012 Android - Birou.md<\/title>\n<meta name=\"robots\" content=\"index, follow, max-snippet:-1, max-image-preview:large, max-video-preview:-1\" \/>\n<link rel=\"canonical\" href=\"https:\/\/birou.md\/ro\/produs\/led-projector-asio-ay-4012-vertical\/\" \/>\n<meta property=\"og:locale\" content=\"ro_RO\" \/>\n<meta property=\"og:type\" content=\"article\" \/>\n<meta property=\"og:title\" content=\"LED Projector ASIO AY-4012 Android - Birou.md\" \/>\n<meta property=\"og:description\" content=\"Descriere\/\u041e\u043f\u0438\u0441\u0430\u043d\u0438\u0435   Display Technology\/\u0422\u0435\u0445\u043d\u043e\u043b\u043e\u0433\u0438\u044f \u043e\u0442\u043e\u0431\u0440\u0430\u0436\u0435\u043d\u0438\u044f\/Tehnologie De Afi\u0219are Single LCD   Projector System\/\u041f\u0440\u043e\u0435\u043a\u0442\u043e\u0440\u043d\u0430\u044f \u0421\u0438\u0441\u0442\u0435\u043c\u0430\/Sistem Proiector 4 inch LCD TFT display   Native Resolution\/\u0420\u0430\u0437\u0440\u0435\u0448\u0435\u043d\u0438\u0435\/Rezolu\u021bie Nativ\u0103 1,280*800, support 1080P   Brightness\/\u042f\u0440\u043a\u043e\u0441\u0442\u044c\/Luminozitate 4200 Lumens   Contrast Ratio\/\u041a\u043e\u044d\u0444\u0444\u0438\u0446\u0438\u0435\u043d\u0442 \u043a\u043e\u043d\u0442\u0440\u0430\u0441\u0442\u043d\u043e\u0441\u0442\u0438\/Raport De Contrast 2,500:1   Image Flip\/\u041f\u0435\u0440\u0435\u0432\u043e\u0440\u043e\u0442 \u0438\u0437\u043e\u0431\u0440\u0430\u0436\u0435\u043d\u0438\u044f\/Imagine Flip 360 degree flip   Lens\/\u041e\u0431\u044a\u0435\u043a\u0442\u0438\u0432\/Obiectiv 3 pieces of glass lenses, manual focus   Aspect Ratio\/C\u043e\u043e\u0442\u043d\u043e\u0448\u0435\u043d\u0438\u0435 \u0441\u0442\u043e\u0440\u043e\u043d\/Raport De Aspect 16:9 &amp; 4:3   Language\/\u042f\u0437\u044b\u043a\/Limba 23 languages   Lamps Type\/\u0422\u0438\u043f \u043b\u0430\u043c\u043f\u044b\/Tipul L\u0103mpilor LED 75W, 50,000 hours life   Picture Size\/\u0420\u0430\u0437\u043c\u0435\u0440 \u0438\u0437\u043e\u0431\u0440\u0430\u0436\u0435\u043d\u0438\u044f\/Dimensiunea Imaginii 35-200 inch   Keystone\/\u0422\u0440\u0430\u043f\u0435\u0446\u0438\u044f\/Cheia de bolt\u0103 \u00a0Automatic keystone correction   Working Voltage\/\u0420\u0430\u0431\u043e\u0447\u0435\u0435 \u043d\u0430\u043f\u0440\u044f\u0436\u0435\u043d\u0438\u0435\/Tensiune De Lucru AC100-240V \/ 50-60Hz   Interface Input\/\u041f\u043e\u0440\u0442\u044b \u043f\u043e\u0434\u043a\u043b\u044e\u0447\u0435\u043d\u0438\u044f\/Intrare Interfa\u021b\u0103 HDMI \/ USBx2 \/ AV \/ AUDIO OUT   Optional Function\/\u0414\u043e\u043f\u043e\u043b\u043d\u0438\u0442\u0435\u043b\u044c\u043d\u044b\u0435 \u0444\u0443\u043d\u043a\u0446\u0438\u0438\/Func\u021bie Op\u021bional\u0103 Mirroring \/ Android WIFI   Machine Size\/\u0413\u0430\u0431\u0430\u0440\u0438\u0442\u044b\/Dimensiunea 24.4*13.1*17.1cm   N.W.\/G.W. Per pc\/\u0412\u0435\u0441 \u041d\/\u0411\/Greutate 1.65KG \/ 2KG   Warranty\/\u0413\u0430\u0440\u0430\u043d\u0442\u0438\u044f\/Garan\u021bie 24\" \/>\n<meta property=\"og:url\" content=\"https:\/\/birou.md\/ro\/produs\/led-projector-asio-ay-4012-vertical\/\" \/>\n<meta property=\"og:site_name\" content=\"Birou.md\" \/>\n<meta property=\"article:modified_time\" content=\"2021-06-16T09:56:17+00:00\" \/>\n<meta property=\"og:image\" content=\"https:\/\/birou.md\/wp-content\/uploads\/2021\/03\/4012-1.jpg\" \/>\n\t<meta property=\"og:image:width\" content=\"336\" \/>\n\t<meta property=\"og:image:height\" content=\"336\" \/>\n<meta name=\"twitter:card\" content=\"summary_large_image\" \/>\n<meta name=\"twitter:label1\" content=\"Scris de\">\n\t<meta name=\"twitter:data1\" content=\"Oleg\">\n\t<meta name=\"twitter:label2\" content=\"Timp estimat pentru citire\">\n\t<meta name=\"twitter:data2\" content=\"0 minute\">\n<script type=\"application\/ld+json\" class=\"yoast-schema-graph\">{\"@context\":\"https:\/\/schema.org\",\"@graph\":[{\"@type\":\"WebSite\",\"@id\":\"https:\/\/birou.md\/#website\",\"url\":\"https:\/\/birou.md\/\",\"name\":\"Birou.md\",\"description\":\"\\u0418\\u043d\\u0442\\u0435\\u0440\\u0430\\u043a\\u0442\\u0438\\u0432\\u043d\\u044b\\u0435 \\u0434\\u043e\\u0441\\u043a\\u0438\",\"potentialAction\":[{\"@type\":\"SearchAction\",\"target\":\"https:\/\/birou.md\/?s={search_term_string}\",\"query-input\":\"required name=search_term_string\"}],\"inLanguage\":\"ro-RO\"},{\"@type\":\"ImageObject\",\"@id\":\"https:\/\/birou.md\/product\/led-projector-asio-ay-4012-vertical\/#primaryimage\",\"inLanguage\":\"ro-RO\",\"url\":\"https:\/\/birou.md\/wp-content\/uploads\/2021\/03\/4012-1.jpg\",\"width\":336,\"height\":336},{\"@type\":\"WebPage\",\"@id\":\"https:\/\/birou.md\/product\/led-projector-asio-ay-4012-vertical\/#webpage\",\"url\":\"https:\/\/birou.md\/product\/led-projector-asio-ay-4012-vertical\/\",\"name\":\"LED Projector ASIO AY-4012 Android - Birou.md\",\"isPartOf\":{\"@id\":\"https:\/\/birou.md\/#website\"},\"primaryImageOfPage\":{\"@id\":\"https:\/\/birou.md\/product\/led-projector-asio-ay-4012-vertical\/#primaryimage\"},\"datePublished\":\"2021-03-11T10:15:56+00:00\",\"dateModified\":\"2021-06-16T09:56:17+00:00\",\"inLanguage\":\"ro-RO\",\"potentialAction\":[{\"@type\":\"ReadAction\",\"target\":[\"https:\/\/birou.md\/product\/led-projector-asio-ay-4012-vertical\/\"]}]}]}<\/script>\n<!-- \/ Yoast SEO plugin. -->","_links":{"self":[{"href":"https:\/\/birou.md\/ro\/wp-json\/wp\/v2\/product\/1188"}],"collection":[{"href":"https:\/\/birou.md\/ro\/wp-json\/wp\/v2\/product"}],"about":[{"href":"https:\/\/birou.md\/ro\/wp-json\/wp\/v2\/types\/product"}],"wp:featuredmedia":[{"embeddable":true,"href":"https:\/\/birou.md\/ro\/wp-json\/wp\/v2\/media\/1189"}],"wp:attachment":[{"href":"https:\/\/birou.md\/ro\/wp-json\/wp\/v2\/media?parent=1188"}],"wp:term":[{"taxonomy":"product_cat","embeddable":true,"href":"https:\/\/birou.md\/ro\/wp-json\/wp\/v2\/product_cat?post=1188"},{"taxonomy":"product_tag","embeddable":true,"href":"https:\/\/birou.md\/ro\/wp-json\/wp\/v2\/product_tag?post=1188"}],"curies":[{"name":"wp","href":"https:\/\/api.w.org\/{rel}","templated":true}]}}